{"id":1933,"date":"2021-01-14T22:47:02","date_gmt":"2021-01-14T21:47:02","guid":{"rendered":"https:\/\/ferienhaus.foehrperle.de\/5-sterne-unter-reet\/?page_id=1933"},"modified":"2021-01-18T19:13:23","modified_gmt":"2021-01-18T18:13:23","slug":"impressum","status":"publish","type":"page","link":"https:\/\/ferienhaus.foehrperle.de\/5-sterne-unter-reet\/impressum\/","title":{"rendered":"Impressum"},"content":{"rendered":"<div id='av_section_1'  class='avia-section main_color avia-section-default avia-no-shadow  avia-full-stretch av-parallax-section avia-bg-style-parallax  avia-builder-el-0  el_before_av_one_third  avia-builder-el-first   av-minimum-height av-minimum-height-custom  container_wrap sidebar_right' style=' '  data-section-bg-repeat='stretch'><div class='av-parallax' data-avia-parallax-ratio='0.3' ><div class='av-parallax-inner main_color  avia-full-stretch lazyload' style = 'background-repeat: no-repeat; background-image:inherit;background-attachment: scroll; background-position: center center; '  data-bg-image='url(https:\/\/ferienhaus.foehrperle.de\/5-sterne-unter-reet\/wp-content\/uploads\/2020\/12\/oevenum-schickes-landhaus-bauernmarkt-e1609026851625.jpg)'><\/div><\/div><div class='container' style='height:250px'><main  role=\"main\" itemprop=\"mainContentOfPage\"  class='template-page content  av-content-small alpha units'><div class='post-entry post-entry-type-page post-entry-1933'><div class='entry-content-wrapper clearfix'>\n<div  style='padding-bottom:10px; color:#ffffff;font-size:60px;' class='av-special-heading av-special-heading-h1 custom-color-heading blockquote modern-quote modern-centered  avia-builder-el-1  el_before_av_button  avia-builder-el-first  av-inherit-size '><h1 class='av-special-heading-tag '  itemprop=\"headline\"  >Impressum<\/h1><div class='special-heading-border'><div class='special-heading-inner-border' style='border-color:#ffffff'><\/div><\/div><\/div>\n<div  class='avia-button-wrap avia-button-center  avia-builder-el-2  el_after_av_heading  avia-builder-el-last ' ><a href='http:\/\/ferienhaus.foehrperle.de\/5-sterne-unter-reet\/buchen#kontaktformular'  class='avia-button  avia-color-theme-color   avia-icon_select-yes-left-icon avia-size-small avia-position-center '   ><span class='avia_button_icon avia_button_icon_left ' aria-hidden='true' data-av_icon='\ue805' data-av_iconfont='entypo-fontello'><\/span><span class='avia_iconbox_title' >KONTAKT<\/span><\/a><\/div>\n<\/div><\/div><\/main><!-- close content main element --><\/div><\/div><div id='after_section_1'  class='main_color av_default_container_wrap container_wrap sidebar_right' style=' '  ><div class='container' ><div class='template-page content  av-content-small alpha units'><div class='post-entry post-entry-type-page post-entry-1933'><div class='entry-content-wrapper clearfix'>\n<div class=\"flex_column av_one_third  flex_column_div av-zero-column-padding first  avia-builder-el-3  el_after_av_section  el_before_av_one_third  avia-builder-el-first  \" style='border-radius:0px; '><\/div>\n<div class=\"flex_column av_one_third  flex_column_div av-zero-column-padding   avia-builder-el-4  el_after_av_one_third  el_before_av_one_third  \" style='border-radius:0px; '><section class=\"av_textblock_section \"  itemscope=\"itemscope\" itemtype=\"https:\/\/schema.org\/CreativeWork\" ><div class='avia_textblock  '   itemprop=\"text\" ><h4><\/h4>\n<h4><strong>IMPRESSUM<\/strong><\/h4>\n<hr \/>\n<p><span style=\"font-weight: 400;\">Ferienhaus F\u00f6hrperle<br \/>\n<\/span><span style=\"font-weight: 400;\">Insel F\u00f6hr Exklusiv <\/span><span style=\"font-weight: 400;\"><\/p>\n<p><\/span><span style=\"font-weight: 400;\">Jens Redmer<\/span><span style=\"font-weight: 400;\"><br \/>\n<\/span><span style=\"font-weight: 400;\">Uhlenhorster Weg 37<\/span><span style=\"font-weight: 400;\"><br \/>\n<\/span><span style=\"font-weight: 400;\">22085 Hamburg<\/span><span style=\"font-weight: 400;\"><br \/>\n<\/span><span style=\"font-weight: 400;\">Deutschland<\/span><\/p>\n<p><span style=\"font-weight: 400;\">Telefon 0172 412 14 15<\/span><span style=\"font-weight: 400;\"><br \/>\n<\/span><span style=\"font-weight: 400;\">E-Mail: <\/span><a href=\"mailto:buchung@foehrperle.de\"><span style=\"font-weight: 400;\">buchung@foehrperle.de<\/span><span style=\"font-weight: 400;\"><br \/>\n<\/span><\/a><span style=\"font-weight: 400;\">Website: www.foehrperle.de<\/span><\/p>\n<hr \/>\n<\/div><\/section><\/div><div class=\"flex_column av_one_third  flex_column_div av-zero-column-padding   avia-builder-el-6  el_after_av_one_third  el_before_av_section  avia-builder-el-last  \" style='border-radius:0px; '><\/div><\/p>\n<\/div><\/div><\/div><!-- close content main div --><\/div><\/div><div id='av_section_2'  class='avia-section main_color avia-section-huge avia-no-border-styling  avia-full-contain av-parallax-section avia-bg-style-parallax  avia-builder-el-7  el_after_av_one_third  el_before_av_section   container_wrap sidebar_right' style=' '  data-section-bg-repeat='contain'><div class='av-parallax' data-avia-parallax-ratio='0.3' ><div class='av-parallax-inner main_color  avia-full-contain lazyload' style = 'background-repeat: no-repeat; background-image:inherit;background-attachment: scroll; background-position: top center; '  data-bg-image='url(https:\/\/ferienhaus.foehrperle.de\/5-sterne-unter-reet\/wp-content\/uploads\/2020\/12\/midlum-pferde-weide-weite-scaled-e1609026967422.jpg)'><\/div><\/div><div class='container' ><div class='template-page content  av-content-small alpha units'><div class='post-entry post-entry-type-page post-entry-1933'><div class='entry-content-wrapper clearfix'>\n<\/div><\/div><\/div><!-- close content main div --><\/div><\/div><div id='av_section_3'  class='avia-section main_color avia-section-huge avia-no-border-styling  avia-bg-style-scroll  avia-builder-el-8  el_after_av_section  el_before_av_social_share   container_wrap sidebar_right' style=' '  ><div class='container' ><div class='template-page content  av-content-small alpha units'><div class='post-entry post-entry-type-page post-entry-1933'><div class='entry-content-wrapper clearfix'>\n<div class=\"flex_column av_one_fourth  av-animated-generic bottom-to-top  flex_column_div av-zero-column-padding first  avia-builder-el-9  el_before_av_one_half  avia-builder-el-first  \" style='border-radius:0px; '><\/div><div class=\"flex_column av_one_half  av-animated-generic bottom-to-top  flex_column_div av-zero-column-padding   avia-builder-el-10  el_after_av_one_fourth  el_before_av_one_fourth  \" style='border-radius:0px; '><p><div  style='padding-bottom:20px; ' class='av-special-heading av-special-heading-h1  blockquote modern-quote modern-centered  avia-builder-el-11  el_before_av_textblock  avia-builder-el-first  '><h1 class='av-special-heading-tag '  itemprop=\"headline\"  >Fragen?<\/h1><div class='special-heading-border'><div class='special-heading-inner-border' ><\/div><\/div><\/div><br \/>\n<section class=\"av_textblock_section \"  itemscope=\"itemscope\" itemtype=\"https:\/\/schema.org\/CreativeWork\" ><div class='avia_textblock  '   itemprop=\"text\" ><p><span class=\"av_dropcap1 \" >W<\/span>ir antworten in der Regel innerhalb von 1 Stunde. Gerne sind wir auch telefonisch unter <a href=\"tel:+491724121415\">Telefon: 0172 412 14 15<\/a> zu erreichen und freuen uns schon auf Eure Anfrage!<\/p>\n<\/div><\/section><br \/>\n<div  class='avia-button-wrap avia-button-center  avia-builder-el-13  el_after_av_textblock  avia-builder-el-last ' ><a href='https:\/\/ferienhaus.foehrperle.de\/5-sterne-unter-reet\/ferienhaus-fohr-luxus-8-personen-mit-reetdach-buchen-preise\/'  class='avia-button  avia-color-theme-color   avia-icon_select-yes-left-icon avia-size-large avia-position-center '   ><span class='avia_button_icon avia_button_icon_left ' aria-hidden='true' data-av_icon='\ue805' data-av_iconfont='entypo-fontello'><\/span><span class='avia_iconbox_title' >KONTAKT<\/span><\/a><\/div><\/p><\/div><div class=\"flex_column av_one_fourth  av-animated-generic bottom-to-top  flex_column_div av-zero-column-padding   avia-builder-el-14  el_after_av_one_half  avia-builder-el-last  \" style='border-radius:0px; '><\/div>\n<\/div><\/div><\/div><!-- close content main div --><\/div><\/div><div id='after_section_3'  class='main_color av_default_container_wrap container_wrap sidebar_right' style=' '  ><div class='container' ><div class='template-page content  av-content-small alpha units'><div class='post-entry post-entry-type-page post-entry-1933'><div class='entry-content-wrapper clearfix'>\n<div  class='av-social-sharing-box  avia-builder-el-15  el_after_av_section  el_before_av_google_map  avia-builder-el-no-sibling  av-social-sharing-box-minimal '><div class='av-share-box'><ul class='av-share-box-list noLightbox'><li class='av-share-link av-social-link-facebook' ><a target=\"_blank\" aria-label=\"Teilen auf Facebook\" href='https:\/\/www.facebook.com\/sharer.php?u=https:\/\/ferienhaus.foehrperle.de\/5-sterne-unter-reet\/impressum\/&#038;t=Impressum' aria-hidden='false' data-av_icon='\ue8f3' data-av_iconfont='entypo-fontello' title='' data-avia-related-tooltip='Teilen auf Facebook' rel=\"noopener\"><span class='avia_hidden_link_text'>Teilen auf Facebook<\/span><\/a><\/li><li class='av-share-link av-social-link-twitter' ><a target=\"_blank\" aria-label=\"Teilen auf Twitter\" href='https:\/\/twitter.com\/share?text=Impressum&#038;url=https:\/\/ferienhaus.foehrperle.de\/5-sterne-unter-reet\/?p=1933' aria-hidden='false' data-av_icon='\ue8f1' data-av_iconfont='entypo-fontello' title='' data-avia-related-tooltip='Teilen auf Twitter' rel=\"noopener\"><span class='avia_hidden_link_text'>Teilen auf Twitter<\/span><\/a><\/li><li class='av-share-link av-social-link-whatsapp' ><a target=\"_blank\" aria-label=\"Teilen auf WhatsApp\" href='https:\/\/api.whatsapp.com\/send?text=https:\/\/ferienhaus.foehrperle.de\/5-sterne-unter-reet\/impressum\/' aria-hidden='false' data-av_icon='\uf232' data-av_iconfont='entypo-fontello' title='' data-avia-related-tooltip='Teilen auf WhatsApp' rel=\"noopener\"><span class='avia_hidden_link_text'>Teilen auf WhatsApp<\/span><\/a><\/li><li class='av-share-link av-social-link-pinterest' ><a target=\"_blank\" aria-label=\"Teilen auf Pinterest\" href='https:\/\/pinterest.com\/pin\/create\/button\/?url=https%3A%2F%2Fferienhaus.foehrperle.de%2F5-sterne-unter-reet%2Fimpressum%2F&#038;description=Impressum&#038;media=' aria-hidden='false' data-av_icon='\ue8f8' data-av_iconfont='entypo-fontello' title='' data-avia-related-tooltip='Teilen auf Pinterest' rel=\"noopener\"><span class='avia_hidden_link_text'>Teilen auf Pinterest<\/span><\/a><\/li><li class='av-share-link av-social-link-mail' ><a  aria-label=\"Per E-Mail teilen\" href='mailto:?subject=Impressum&#038;body=https:\/\/ferienhaus.foehrperle.de\/5-sterne-unter-reet\/impressum\/' aria-hidden='false' data-av_icon='\ue805' data-av_iconfont='entypo-fontello' title='' data-avia-related-tooltip='Per E-Mail teilen'><span class='avia_hidden_link_text'>Per E-Mail teilen<\/span><\/a><\/li><\/ul><\/div><\/div>\n<div  class='av_gmaps_sc_main_wrap av_gmaps_main_wrap '><div id='av_gmap_0' class='avia-google-map-container avia-google-map-sc av_gmaps_show_unconditionally lazyload' data-mapid='av_gmap_0'  style='height: 400px; background-image:inherit;' data-bg-image='url(https:\/\/ferienhaus.foehrperle.de\/5-sterne-unter-reet\/wp-content\/uploads\/2020\/12\/maps-fallback-image-fo\u0308hrperle-standort.png)'><a class=\"av_gmaps_browser_disabled av_text_confirm_link av_text_confirm_link_visible\" href=\"https:\/\/www.google.com\/maps\/search\/?api=1&#038;query=F\u00f6hrperle,%20Ohl%20D\u00f6rp%2026%2025938%20Wrixum%20Non-U.S.%20resident%20Deutschland\" target=\"_blank\" rel=\"noopener\">Aufgrund deiner Datenschutz-Einstellungen k\u00f6nnen wir Ihnen die Karte nicht anzeigen. Klicken Sie hier, um die Karte in einem neuen Fenster zu \u00f6ffnen.<\/a><\/div><\/div>\n","protected":false},"excerpt":{"rendered":"","protected":false},"author":1,"featured_media":0,"parent":0,"menu_order":0,"comment_status":"closed","ping_status":"open","template":"","meta":[],"yoast_head":"<!-- This site is optimized with the Yoast SEO Premium plugin v19.6 (Yoast SEO v19.13) - https:\/\/yoast.com\/wordpress\/plugins\/seo\/ -->\n<title>Impressum - Ferienhaus F\u00f6hrperle Insel F\u00f6hr Exklusiv - Luxus unter Reetdach<\/title>\n<meta name=\"description\" content=\"Traum-Ferienhaus auf F\u00f6hr - Luxus unter Reet in Wyk-Wrixum - liebevoll luxuri\u00f6s aufgebautes Reethaus auf exklusivem Niveau. 5-Sterne. Privat. Bis 6 Personen.\" \/>\n<meta name=\"robots\" content=\"index, follow, max-snippet:-1, max-image-preview:large, max-video-preview:-1\" \/>\n<link rel=\"canonical\" href=\"https:\/\/ferienhaus.foehrperle.de\/5-sterne-unter-reet\/impressum\/\" \/>\n<meta property=\"og:locale\" content=\"de_DE\" \/>\n<meta property=\"og:type\" content=\"article\" \/>\n<meta property=\"og:title\" content=\"Impressum\" \/>\n<meta property=\"og:description\" content=\"Traum-Ferienhaus auf F\u00f6hr - Luxus unter Reet in Wyk-Wrixum - liebevoll luxuri\u00f6s aufgebautes Reethaus auf exklusivem Niveau. 5-Sterne. Privat. Bis 6 Personen.\" \/>\n<meta property=\"og:url\" content=\"https:\/\/ferienhaus.foehrperle.de\/5-sterne-unter-reet\/impressum\/\" \/>\n<meta property=\"og:site_name\" content=\"Ferienhaus F\u00f6hrperle Insel F\u00f6hr Exklusiv - Luxus unter Reetdach\" \/>\n<meta property=\"article:publisher\" content=\"https:\/\/web.facebook.com\/Foehrperle\/\" \/>\n<meta property=\"article:modified_time\" content=\"2021-01-18T18:13:23+00:00\" \/>\n<meta property=\"og:image\" content=\"https:\/\/ferienhaus.foehrperle.de\/5-sterne-unter-reet\/wp-content\/uploads\/2020\/12\/Fo\u0308hrperle-Ferienhaus-Foehr-Luxus-Reethaus-traumhaft-friesisch-hygge-kinderfreundlich-flamant-charmant-traumhaus-Alkovenbetten-privat-strand-strandnah-wyk-nieblum-utersum.jpg\" \/>\n\t<meta property=\"og:image:width\" content=\"800\" \/>\n\t<meta property=\"og:image:height\" content=\"533\" \/>\n\t<meta property=\"og:image:type\" content=\"image\/jpeg\" \/>\n<meta name=\"twitter:card\" content=\"summary_large_image\" \/>\n<meta name=\"twitter:label1\" content=\"Gesch\u00e4tzte Lesezeit\" \/>\n\t<meta name=\"twitter:data1\" content=\"8\u00a0Minuten\" \/>\n<script type=\"application\/ld+json\" class=\"yoast-schema-graph\">{\"@context\":\"https:\/\/schema.org\",\"@graph\":[{\"@type\":\"WebPage\",\"@id\":\"https:\/\/ferienhaus.foehrperle.de\/5-sterne-unter-reet\/impressum\/\",\"url\":\"https:\/\/ferienhaus.foehrperle.de\/5-sterne-unter-reet\/impressum\/\",\"name\":\"Impressum - Ferienhaus F\u00f6hrperle Insel F\u00f6hr Exklusiv - Luxus unter Reetdach\",\"isPartOf\":{\"@id\":\"https:\/\/ferienhaus.foehrperle.de\/5-sterne-unter-reet\/#website\"},\"datePublished\":\"2021-01-14T21:47:02+00:00\",\"dateModified\":\"2021-01-18T18:13:23+00:00\",\"description\":\"Traum-Ferienhaus auf F\u00f6hr - Luxus unter Reet in Wyk-Wrixum - liebevoll luxuri\u00f6s aufgebautes Reethaus auf exklusivem Niveau. 5-Sterne. Privat. Bis 6 Personen.\",\"breadcrumb\":{\"@id\":\"https:\/\/ferienhaus.foehrperle.de\/5-sterne-unter-reet\/impressum\/#breadcrumb\"},\"inLanguage\":\"de\",\"potentialAction\":[{\"@type\":\"ReadAction\",\"target\":[\"https:\/\/ferienhaus.foehrperle.de\/5-sterne-unter-reet\/impressum\/\"]}]},{\"@type\":\"BreadcrumbList\",\"@id\":\"https:\/\/ferienhaus.foehrperle.de\/5-sterne-unter-reet\/impressum\/#breadcrumb\",\"itemListElement\":[{\"@type\":\"ListItem\",\"position\":1,\"name\":\"Startseite\",\"item\":\"https:\/\/ferienhaus.foehrperle.de\/5-sterne-unter-reet\/ferienhaus-foehr-luxus-reetdach-ferienwohnung-foehr-exklusiv-5-sterne-traumhaus-unter-reet-in-wyk\/\"},{\"@type\":\"ListItem\",\"position\":2,\"name\":\"Impressum\"}]},{\"@type\":\"WebSite\",\"@id\":\"https:\/\/ferienhaus.foehrperle.de\/5-sterne-unter-reet\/#website\",\"url\":\"https:\/\/ferienhaus.foehrperle.de\/5-sterne-unter-reet\/\",\"name\":\"Ferienhaus F\u00f6hrperle Insel F\u00f6hr Exklusiv - Luxus unter Reetdach\",\"description\":\"5 Sterne. Traumhaus. Unter Reetdach. Auf F\u00f6hr. Von privat.\",\"potentialAction\":[{\"@type\":\"SearchAction\",\"target\":{\"@type\":\"EntryPoint\",\"urlTemplate\":\"https:\/\/ferienhaus.foehrperle.de\/5-sterne-unter-reet\/?s={search_term_string}\"},\"query-input\":\"required name=search_term_string\"}],\"inLanguage\":\"de\"}]}<\/script>\n<!-- \/ Yoast SEO Premium plugin. -->","yoast_head_json":{"title":"Impressum - Ferienhaus F\u00f6hrperle Insel F\u00f6hr Exklusiv - Luxus unter Reetdach","description":"Traum-Ferienhaus auf F\u00f6hr - Luxus unter Reet in Wyk-Wrixum - liebevoll luxuri\u00f6s aufgebautes Reethaus auf exklusivem Niveau. 5-Sterne. Privat. Bis 6 Personen.","robots":{"index":"index","follow":"follow","max-snippet":"max-snippet:-1","max-image-preview":"max-image-preview:large","max-video-preview":"max-video-preview:-1"},"canonical":"https:\/\/ferienhaus.foehrperle.de\/5-sterne-unter-reet\/impressum\/","og_locale":"de_DE","og_type":"article","og_title":"Impressum","og_description":"Traum-Ferienhaus auf F\u00f6hr - Luxus unter Reet in Wyk-Wrixum - liebevoll luxuri\u00f6s aufgebautes Reethaus auf exklusivem Niveau. 5-Sterne. Privat. Bis 6 Personen.","og_url":"https:\/\/ferienhaus.foehrperle.de\/5-sterne-unter-reet\/impressum\/","og_site_name":"Ferienhaus F\u00f6hrperle Insel F\u00f6hr Exklusiv - Luxus unter Reetdach","article_publisher":"https:\/\/web.facebook.com\/Foehrperle\/","article_modified_time":"2021-01-18T18:13:23+00:00","og_image":[{"width":800,"height":533,"url":"https:\/\/ferienhaus.foehrperle.de\/5-sterne-unter-reet\/wp-content\/uploads\/2020\/12\/Fo\u0308hrperle-Ferienhaus-Foehr-Luxus-Reethaus-traumhaft-friesisch-hygge-kinderfreundlich-flamant-charmant-traumhaus-Alkovenbetten-privat-strand-strandnah-wyk-nieblum-utersum.jpg","type":"image\/jpeg"}],"twitter_card":"summary_large_image","twitter_misc":{"Gesch\u00e4tzte Lesezeit":"8\u00a0Minuten"},"schema":{"@context":"https:\/\/schema.org","@graph":[{"@type":"WebPage","@id":"https:\/\/ferienhaus.foehrperle.de\/5-sterne-unter-reet\/impressum\/","url":"https:\/\/ferienhaus.foehrperle.de\/5-sterne-unter-reet\/impressum\/","name":"Impressum - Ferienhaus F\u00f6hrperle Insel F\u00f6hr Exklusiv - Luxus unter Reetdach","isPartOf":{"@id":"https:\/\/ferienhaus.foehrperle.de\/5-sterne-unter-reet\/#website"},"datePublished":"2021-01-14T21:47:02+00:00","dateModified":"2021-01-18T18:13:23+00:00","description":"Traum-Ferienhaus auf F\u00f6hr - Luxus unter Reet in Wyk-Wrixum - liebevoll luxuri\u00f6s aufgebautes Reethaus auf exklusivem Niveau. 5-Sterne. Privat. Bis 6 Personen.","breadcrumb":{"@id":"https:\/\/ferienhaus.foehrperle.de\/5-sterne-unter-reet\/impressum\/#breadcrumb"},"inLanguage":"de","potentialAction":[{"@type":"ReadAction","target":["https:\/\/ferienhaus.foehrperle.de\/5-sterne-unter-reet\/impressum\/"]}]},{"@type":"BreadcrumbList","@id":"https:\/\/ferienhaus.foehrperle.de\/5-sterne-unter-reet\/impressum\/#breadcrumb","itemListElement":[{"@type":"ListItem","position":1,"name":"Startseite","item":"https:\/\/ferienhaus.foehrperle.de\/5-sterne-unter-reet\/ferienhaus-foehr-luxus-reetdach-ferienwohnung-foehr-exklusiv-5-sterne-traumhaus-unter-reet-in-wyk\/"},{"@type":"ListItem","position":2,"name":"Impressum"}]},{"@type":"WebSite","@id":"https:\/\/ferienhaus.foehrperle.de\/5-sterne-unter-reet\/#website","url":"https:\/\/ferienhaus.foehrperle.de\/5-sterne-unter-reet\/","name":"Ferienhaus F\u00f6hrperle Insel F\u00f6hr Exklusiv - Luxus unter Reetdach","description":"5 Sterne. Traumhaus. Unter Reetdach. Auf F\u00f6hr. Von privat.","potentialAction":[{"@type":"SearchAction","target":{"@type":"EntryPoint","urlTemplate":"https:\/\/ferienhaus.foehrperle.de\/5-sterne-unter-reet\/?s={search_term_string}"},"query-input":"required name=search_term_string"}],"inLanguage":"de"}]}},"_links":{"self":[{"href":"https:\/\/ferienhaus.foehrperle.de\/5-sterne-unter-reet\/wp-json\/wp\/v2\/pages\/1933"}],"collection":[{"href":"https:\/\/ferienhaus.foehrperle.de\/5-sterne-unter-reet\/wp-json\/wp\/v2\/pages"}],"about":[{"href":"https:\/\/ferienhaus.foehrperle.de\/5-sterne-unter-reet\/wp-json\/wp\/v2\/types\/page"}],"author":[{"embeddable":true,"href":"https:\/\/ferienhaus.foehrperle.de\/5-sterne-unter-reet\/wp-json\/wp\/v2\/users\/1"}],"replies":[{"embeddable":true,"href":"https:\/\/ferienhaus.foehrperle.de\/5-sterne-unter-reet\/wp-json\/wp\/v2\/comments?post=1933"}],"version-history":[{"count":6,"href":"https:\/\/ferienhaus.foehrperle.de\/5-sterne-unter-reet\/wp-json\/wp\/v2\/pages\/1933\/revisions"}],"predecessor-version":[{"id":2008,"href":"https:\/\/ferienhaus.foehrperle.de\/5-sterne-unter-reet\/wp-json\/wp\/v2\/pages\/1933\/revisions\/2008"}],"wp:attachment":[{"href":"https:\/\/ferienhaus.foehrperle.de\/5-sterne-unter-reet\/wp-json\/wp\/v2\/media?parent=1933"}],"curies":[{"name":"wp","href":"https:\/\/api.w.org\/{rel}","templated":true}]}}